{"id":12673,"date":"2021-03-03T09:16:03","date_gmt":"2021-03-03T09:16:03","guid":{"rendered":"https:\/\/promedica.qodeinteractive.com\/?page_id=12673"},"modified":"2026-02-18T11:25:06","modified_gmt":"2026-02-18T11:25:06","slug":"blog-slider","status":"publish","type":"page","link":"https:\/\/gefaesspraxis-muenchen-sued.de\/en\/blog-slider\/","title":{"rendered":"Blog Slider"},"content":{"rendered":"<div data-elementor-type=\"wp-page\" data-elementor-id=\"12673\" class=\"elementor elementor-12673\">\n\t\t\t\t\t\t<section class=\"elementor-section elementor-top-section elementor-element elementor-element-7fbc59d elementor-section-full_width qodef-elementor-content-grid qodef-extended-grid qodef-extended-grid--right elementor-section-height-default elementor-section-height-default\" data-id=\"7fbc59d\" data-element_type=\"section\" data-e-type=\"section\">\n\t\t\t\t\t\t<div class=\"elementor-container elementor-column-gap-default\">\n\t\t\t\t\t<div class=\"elementor-column elementor-col-100 elementor-top-column elementor-element elementor-element-228fc80\" data-id=\"228fc80\" data-element_type=\"column\" data-e-type=\"column\">\n\t\t\t<div class=\"elementor-widget-wrap elementor-element-populated\">\n\t\t\t\t\t\t<div class=\"elementor-element elementor-element-13a8422 elementor-widget__width-inherit elementor-widget elementor-widget-promedica_core_blog_list\" data-id=\"13a8422\" data-element_type=\"widget\" data-e-type=\"widget\" data-widget_type=\"promedica_core_blog_list.default\">\n\t\t\t\t<div class=\"elementor-widget-container\">\n\t\t\t\t\t<div class=\"qodef-shortcode qodef-m  qodef-blog qodef-item-layout--split qodef-grid qodef-swiper-container  qodef-gutter--normal qodef-col-num--1 qodef-auto-columns qodef-item-layout--split qodef--no-bottom-space qodef-pagination--off qodef-responsive--custom qodef-col-num--1440--3 qodef-col-num--1366--3 qodef-col-num--1024--2 qodef-col-num--768--2 qodef-col-num--680--1 qodef-col-num--480--1\" data-options=\"{&quot;effect&quot;:&quot;&quot;,&quot;freeMode&quot;:false,&quot;slidesPerView&quot;:&quot;auto&quot;,&quot;spaceBetween&quot;:30,&quot;loop&quot;:true,&quot;autoplay&quot;:true,&quot;speed&quot;:&quot;&quot;,&quot;speedAnimation&quot;:&quot;&quot;,&quot;slideAnimation&quot;:&quot;&quot;,&quot;customStages&quot;:true,&quot;slidesPerView1440&quot;:&quot;3&quot;,&quot;slidesPerView1366&quot;:&quot;3&quot;,&quot;slidesPerView1024&quot;:&quot;2&quot;,&quot;slidesPerView768&quot;:&quot;2&quot;,&quot;slidesPerView680&quot;:&quot;1&quot;,&quot;slidesPerView480&quot;:&quot;1&quot;,&quot;outsideNavigation&quot;:&quot;yes&quot;,&quot;unique&quot;:769}\">\n\t<div class=\"swiper-wrapper\">\n\t\t<article class=\"qodef-e qodef-blog-item swiper-slide qodef-item--portrait post-17317 post type-post status-publish format-standard has-post-thumbnail hentry category-angiologie category-gefaessmedizin category-lymphologie category-phlebologie tag-gefaessgesundheit tag-gruenwald\">\n\t<div class=\"qodef-e-inner\">\n\t\t<div class=\"qodef-e-image-holder\">\n\t\t\t\t<div class=\"qodef-e-media-image qodef--background\" style=\"background-image: url( https:\/\/gefaesspraxis-muenchen-sued.de\/wp-content\/uploads\/2026\/02\/IMG_0333-650x857.jpg)\">\n\t\t<img fetchpriority=\"high\" decoding=\"async\" width=\"650\" height=\"857\" src=\"https:\/\/gefaesspraxis-muenchen-sued.de\/wp-content\/uploads\/2026\/02\/IMG_0333-650x857.jpg\" class=\"attachment-promedica_core_image_size_portrait size-promedica_core_image_size_portrait wp-post-image\" alt=\"Lip\u00f6dem\" \/>\t<\/div>\n\t\t<\/div>\n\t\t<div class=\"qodef-e-content\">\n\t\t\t<div class=\"qodef-e-info\">\n\t\t\t\t<div itemprop=\"dateCreated\" class=\"qodef-e-info-item qodef-e-info-date entry-date\">\n\t<a itemprop=\"url\" href=\"https:\/\/gefaesspraxis-muenchen-sued.de\/en\/2026\/02\/\">\n\t\tFebruary 22, 2026\t<\/a>\n<\/div>\n\t\t\t<\/div>\n\t\t\t<h5 itemprop=\"name\" class=\"qodef-e-title entry-title\" >\n\t<a itemprop=\"url\" class=\"qodef-e-title-link\" href=\"https:\/\/gefaesspraxis-muenchen-sued.de\/en\/gefaessmedizin\/lipoedem-was-nun\/\">\n\t\tLip\u00f6dem &#8211; was tun?\t<\/a>\n<\/h5>\n\t\t\t\t<div class=\"qodef-e-read-more\">\n\t\t<a class=\"qodef-shortcode qodef-m  qodef-button qodef-layout--textual  qodef-html--link\" href=\"https:\/\/gefaesspraxis-muenchen-sued.de\/en\/gefaessmedizin\/lipoedem-was-nun\/\" target=\"_self\"  >\t<span class=\"qodef-m-text\"><\/span><\/a>\t<\/div>\n\t\t\t<div class=\"qodef-e-info-bottom-holder\">\n\t\t\t\t<div class=\"qodef-e-info-item qodef-e-info-category\">\n\t<a href=\"https:\/\/gefaesspraxis-muenchen-sued.de\/en\/category\/angiologie\/\" rel=\"category tag\">Angiology<\/a>, <a href=\"https:\/\/gefaesspraxis-muenchen-sued.de\/en\/category\/gefaessmedizin\/\" rel=\"category tag\">Gef\u00e4\u00dfmedizin<\/a>, <a href=\"https:\/\/gefaesspraxis-muenchen-sued.de\/en\/category\/lymphologie\/\" rel=\"category tag\">Lymphology<\/a>, <a href=\"https:\/\/gefaesspraxis-muenchen-sued.de\/en\/category\/phlebologie\/\" rel=\"category tag\">Phlebology<\/a><\/div>\n\t\t\t\t<div class=\"qodef-e-info-item qodef-e-info-author\">\n\t<a itemprop=\"author\" class=\"qodef-e-info-author-link\" href=\"https:\/\/gefaesspraxis-muenchen-sued.de\/en\/author\/birgit-unger\/\">\n\t\tBirgit Unger\t<\/a>\n<\/div>\n\t\t\t<\/div>\n\t\t<\/div>\n\t<\/div>\n<\/article>\n\t<\/div>\n\t<\/div>\n\t<div class=\"swiper-button-prev swiper-button-outside swiper-nav-left swiper-button-prev-769\"><svg  xmlns=\"http:\/\/www.w3.org\/2000\/svg\" xmlns:xlink=\"http:\/\/www.w3.org\/1999\/xlink\" width=\"53\" height=\"53\" viewbox=\"0 0 53 53\">\n\t\t\t\t\t\t  <g fill=\"none\" stroke=\"rgba(42,47,65,0.5)\" stroke-width=\"1\">\n\t\t\t\t\t\t    <circle cx=\"26.5\" cy=\"26.5\" r=\"26.5\" stroke=\"none\"\/>\n                            <circle cx=\"26.5\" cy=\"26.5\" r=\"26\" fill=\"none\"\/>\n\t\t\t\t\t\t  <\/g>\n\t\t\t\t\t\t  <g class=\"qodef-svg-arrow-left qodef-svg-rect\" transform=\"translate(22 19)\">\n\t\t\t\t\t\t   <rect width=\"10\" height=\"2\" rx=\"1\" transform=\"translate(1.414 5.655) rotate(45)\" fill=\"#2a2f41\"\/>\n                           <rect width=\"10\" height=\"2\" rx=\"1\" transform=\"translate(0 7.071) rotate(-45)\" fill=\"#2a2f41\"\/>\n\t\t\t\t\t\t  <\/g>\n\t\t\t\t\t\t<\/svg><\/div>\n\t<div class=\"swiper-button-next swiper-button-outside swiper-nav-left swiper-button-next-769\"><svg  xmlns=\"http:\/\/www.w3.org\/2000\/svg\" xmlns:xlink=\"http:\/\/www.w3.org\/1999\/xlink\" width=\"53\" height=\"53\" viewbox=\"0 0 53 53\">\n\t\t\t\t\t\t  <g fill=\"none\" stroke=\"rgba(42,47,65,0.5)\" stroke-width=\"1\">\n\t\t\t\t\t\t    <circle cx=\"26.5\" cy=\"26.5\" r=\"26.5\" stroke=\"none\"\/>\n                            <circle cx=\"26.5\" cy=\"26.5\" r=\"26\" fill=\"none\"\/>\n\t\t\t\t\t\t  <\/g>\n\t\t\t\t\t\t  <g class=\"qodef-svg-arrow-right qodef-svg-rect\" transform=\"translate(-8.586 -1.93)\">\n\t\t\t\t\t\t    <rect width=\"10\" height=\"2\" rx=\"1\" transform=\"translate(39.071 28) rotate(135)\" fill=\"#2a2f41\"\/>\n\t\t\t\t\t\t    <rect width=\"10\" height=\"2\" rx=\"1\" transform=\"translate(37.657 29.415) rotate(-135)\" fill=\"#2a2f41\"\/>\n\t\t\t\t\t\t  <\/g>\n\t\t\t\t\t\t<\/svg><\/div>\n\t\t\t\t<\/div>\n\t\t\t\t<\/div>\n\t\t\t\t\t<\/div>\n\t\t<\/div>\n\t\t\t\t\t<\/div>\n\t\t<\/section>\n\t\t\t\t<\/div>","protected":false},"excerpt":{"rendered":"<p>Februar 12, 2026 Gef\u00e4\u00df- und Herz-Kreislauf-Checkup Gef\u00e4\u00dfmedizin admin<\/p>","protected":false},"author":1,"featured_media":0,"parent":0,"menu_order":0,"comment_status":"closed","ping_status":"closed","template":"page-full-width.php","meta":{"footnotes":""},"class_list":["post-12673","page","type-page","status-publish","hentry"],"yoast_head":"<!-- This site is optimized with the Yoast SEO plugin v27.4 - https:\/\/yoast.com\/product\/yoast-seo-wordpress\/ -->\n<title>Blog Slider - Gef\u00e4\u00dfpraxis M\u00fcnchen-S\u00fcd<\/title>\n<meta name=\"robots\" content=\"index, follow, max-snippet:-1, max-image-preview:large, max-video-preview:-1\" \/>\n<link rel=\"canonical\" href=\"https:\/\/gefaesspraxis-muenchen-sued.de\/en\/blog-slider\/\" \/>\n<meta property=\"og:locale\" content=\"en_GB\" \/>\n<meta property=\"og:type\" content=\"article\" \/>\n<meta property=\"og:title\" content=\"Blog Slider - Gef\u00e4\u00dfpraxis M\u00fcnchen-S\u00fcd\" \/>\n<meta property=\"og:description\" content=\"Februar 12, 2026 Gef\u00e4\u00df- und Herz-Kreislauf-Checkup Gef\u00e4\u00dfmedizin admin\" \/>\n<meta property=\"og:url\" content=\"https:\/\/gefaesspraxis-muenchen-sued.de\/en\/blog-slider\/\" \/>\n<meta property=\"og:site_name\" content=\"Gef\u00e4\u00dfpraxis M\u00fcnchen-S\u00fcd\" \/>\n<meta property=\"article:modified_time\" content=\"2026-02-18T11:25:06+00:00\" \/>\n<meta property=\"og:image\" content=\"https:\/\/gefaesspraxis-muenchen-sued.de\/wp-content\/uploads\/2020\/12\/p3-blog-img-2-650x857.jpg\" \/>\n<meta name=\"twitter:card\" content=\"summary_large_image\" \/>\n<meta name=\"twitter:label1\" content=\"Estimated reading time\" \/>\n\t<meta name=\"twitter:data1\" content=\"1 minute\" \/>\n<script type=\"application\/ld+json\" class=\"yoast-schema-graph\">{\"@context\":\"https:\\\/\\\/schema.org\",\"@graph\":[{\"@type\":\"WebPage\",\"@id\":\"https:\\\/\\\/gefaesspraxis-muenchen-sued.de\\\/blog-slider\\\/\",\"url\":\"https:\\\/\\\/gefaesspraxis-muenchen-sued.de\\\/blog-slider\\\/\",\"name\":\"Blog Slider - Gef\u00e4\u00dfpraxis M\u00fcnchen-S\u00fcd\",\"isPartOf\":{\"@id\":\"https:\\\/\\\/gefaesspraxis-muenchen-sued.de\\\/#website\"},\"primaryImageOfPage\":{\"@id\":\"https:\\\/\\\/gefaesspraxis-muenchen-sued.de\\\/blog-slider\\\/#primaryimage\"},\"image\":{\"@id\":\"https:\\\/\\\/gefaesspraxis-muenchen-sued.de\\\/blog-slider\\\/#primaryimage\"},\"thumbnailUrl\":\"https:\\\/\\\/gefaesspraxis-muenchen-sued.de\\\/wp-content\\\/uploads\\\/2020\\\/12\\\/p3-blog-img-2-650x857.jpg\",\"datePublished\":\"2021-03-03T09:16:03+00:00\",\"dateModified\":\"2026-02-18T11:25:06+00:00\",\"breadcrumb\":{\"@id\":\"https:\\\/\\\/gefaesspraxis-muenchen-sued.de\\\/blog-slider\\\/#breadcrumb\"},\"inLanguage\":\"en-GB\",\"potentialAction\":[{\"@type\":\"ReadAction\",\"target\":[\"https:\\\/\\\/gefaesspraxis-muenchen-sued.de\\\/blog-slider\\\/\"]}]},{\"@type\":\"ImageObject\",\"inLanguage\":\"en-GB\",\"@id\":\"https:\\\/\\\/gefaesspraxis-muenchen-sued.de\\\/blog-slider\\\/#primaryimage\",\"url\":\"https:\\\/\\\/gefaesspraxis-muenchen-sued.de\\\/wp-content\\\/uploads\\\/2020\\\/12\\\/p3-blog-img-2-650x857.jpg\",\"contentUrl\":\"https:\\\/\\\/gefaesspraxis-muenchen-sued.de\\\/wp-content\\\/uploads\\\/2020\\\/12\\\/p3-blog-img-2-650x857.jpg\"},{\"@type\":\"BreadcrumbList\",\"@id\":\"https:\\\/\\\/gefaesspraxis-muenchen-sued.de\\\/blog-slider\\\/#breadcrumb\",\"itemListElement\":[{\"@type\":\"ListItem\",\"position\":1,\"name\":\"Startseite\",\"item\":\"https:\\\/\\\/gefaesspraxis-muenchen-sued.de\\\/\"},{\"@type\":\"ListItem\",\"position\":2,\"name\":\"Blog Slider\"}]},{\"@type\":\"WebSite\",\"@id\":\"https:\\\/\\\/gefaesspraxis-muenchen-sued.de\\\/#website\",\"url\":\"https:\\\/\\\/gefaesspraxis-muenchen-sued.de\\\/\",\"name\":\"Gef\u00e4\u00dfpraxis M\u00fcnchen-S\u00fcd\",\"description\":\"Privatpraxis f\u00fcr Gef\u00e4\u00dfmedizin und Innere Medizin in M\u00fcnchen-S\u00fcd\",\"potentialAction\":[{\"@type\":\"SearchAction\",\"target\":{\"@type\":\"EntryPoint\",\"urlTemplate\":\"https:\\\/\\\/gefaesspraxis-muenchen-sued.de\\\/?s={search_term_string}\"},\"query-input\":{\"@type\":\"PropertyValueSpecification\",\"valueRequired\":true,\"valueName\":\"search_term_string\"}}],\"inLanguage\":\"en-GB\"}]}<\/script>\n<!-- \/ Yoast SEO plugin. -->","yoast_head_json":{"title":"Blog Slider - Gef\u00e4\u00dfpraxis M\u00fcnchen-S\u00fcd","robots":{"index":"index","follow":"follow","max-snippet":"max-snippet:-1","max-image-preview":"max-image-preview:large","max-video-preview":"max-video-preview:-1"},"canonical":"https:\/\/gefaesspraxis-muenchen-sued.de\/en\/blog-slider\/","og_locale":"en_GB","og_type":"article","og_title":"Blog Slider - Gef\u00e4\u00dfpraxis M\u00fcnchen-S\u00fcd","og_description":"Februar 12, 2026 Gef\u00e4\u00df- und Herz-Kreislauf-Checkup Gef\u00e4\u00dfmedizin admin","og_url":"https:\/\/gefaesspraxis-muenchen-sued.de\/en\/blog-slider\/","og_site_name":"Gef\u00e4\u00dfpraxis M\u00fcnchen-S\u00fcd","article_modified_time":"2026-02-18T11:25:06+00:00","og_image":[{"url":"https:\/\/gefaesspraxis-muenchen-sued.de\/wp-content\/uploads\/2020\/12\/p3-blog-img-2-650x857.jpg","type":"","width":"","height":""}],"twitter_card":"summary_large_image","twitter_misc":{"Estimated reading time":"1 minute"},"schema":{"@context":"https:\/\/schema.org","@graph":[{"@type":"WebPage","@id":"https:\/\/gefaesspraxis-muenchen-sued.de\/blog-slider\/","url":"https:\/\/gefaesspraxis-muenchen-sued.de\/blog-slider\/","name":"Blog Slider - Gef\u00e4\u00dfpraxis M\u00fcnchen-S\u00fcd","isPartOf":{"@id":"https:\/\/gefaesspraxis-muenchen-sued.de\/#website"},"primaryImageOfPage":{"@id":"https:\/\/gefaesspraxis-muenchen-sued.de\/blog-slider\/#primaryimage"},"image":{"@id":"https:\/\/gefaesspraxis-muenchen-sued.de\/blog-slider\/#primaryimage"},"thumbnailUrl":"https:\/\/gefaesspraxis-muenchen-sued.de\/wp-content\/uploads\/2020\/12\/p3-blog-img-2-650x857.jpg","datePublished":"2021-03-03T09:16:03+00:00","dateModified":"2026-02-18T11:25:06+00:00","breadcrumb":{"@id":"https:\/\/gefaesspraxis-muenchen-sued.de\/blog-slider\/#breadcrumb"},"inLanguage":"en-GB","potentialAction":[{"@type":"ReadAction","target":["https:\/\/gefaesspraxis-muenchen-sued.de\/blog-slider\/"]}]},{"@type":"ImageObject","inLanguage":"en-GB","@id":"https:\/\/gefaesspraxis-muenchen-sued.de\/blog-slider\/#primaryimage","url":"https:\/\/gefaesspraxis-muenchen-sued.de\/wp-content\/uploads\/2020\/12\/p3-blog-img-2-650x857.jpg","contentUrl":"https:\/\/gefaesspraxis-muenchen-sued.de\/wp-content\/uploads\/2020\/12\/p3-blog-img-2-650x857.jpg"},{"@type":"BreadcrumbList","@id":"https:\/\/gefaesspraxis-muenchen-sued.de\/blog-slider\/#breadcrumb","itemListElement":[{"@type":"ListItem","position":1,"name":"Startseite","item":"https:\/\/gefaesspraxis-muenchen-sued.de\/"},{"@type":"ListItem","position":2,"name":"Blog Slider"}]},{"@type":"WebSite","@id":"https:\/\/gefaesspraxis-muenchen-sued.de\/#website","url":"https:\/\/gefaesspraxis-muenchen-sued.de\/","name":"Gef\u00e4\u00dfpraxis M\u00fcnchen-S\u00fcd","description":"Privatpraxis f\u00fcr Gef\u00e4\u00dfmedizin und Innere Medizin in M\u00fcnchen-S\u00fcd","potentialAction":[{"@type":"SearchAction","target":{"@type":"EntryPoint","urlTemplate":"https:\/\/gefaesspraxis-muenchen-sued.de\/?s={search_term_string}"},"query-input":{"@type":"PropertyValueSpecification","valueRequired":true,"valueName":"search_term_string"}}],"inLanguage":"en-GB"}]}},"_links":{"self":[{"href":"https:\/\/gefaesspraxis-muenchen-sued.de\/en\/wp-json\/wp\/v2\/pages\/12673","targetHints":{"allow":["GET"]}}],"collection":[{"href":"https:\/\/gefaesspraxis-muenchen-sued.de\/en\/wp-json\/wp\/v2\/pages"}],"about":[{"href":"https:\/\/gefaesspraxis-muenchen-sued.de\/en\/wp-json\/wp\/v2\/types\/page"}],"author":[{"embeddable":true,"href":"https:\/\/gefaesspraxis-muenchen-sued.de\/en\/wp-json\/wp\/v2\/users\/1"}],"replies":[{"embeddable":true,"href":"https:\/\/gefaesspraxis-muenchen-sued.de\/en\/wp-json\/wp\/v2\/comments?post=12673"}],"version-history":[{"count":7,"href":"https:\/\/gefaesspraxis-muenchen-sued.de\/en\/wp-json\/wp\/v2\/pages\/12673\/revisions"}],"predecessor-version":[{"id":17280,"href":"https:\/\/gefaesspraxis-muenchen-sued.de\/en\/wp-json\/wp\/v2\/pages\/12673\/revisions\/17280"}],"wp:attachment":[{"href":"https:\/\/gefaesspraxis-muenchen-sued.de\/en\/wp-json\/wp\/v2\/media?parent=12673"}],"curies":[{"name":"wp","href":"https:\/\/api.w.org\/{rel}","templated":true}]}}